{"id":4489,"date":"2021-06-25T09:39:08","date_gmt":"2021-06-25T09:39:08","guid":{"rendered":"http:\/\/visarqeng.com\/home\/"},"modified":"2022-09-06T13:08:07","modified_gmt":"2022-09-06T13:08:07","slug":"home","status":"publish","type":"page","link":"https:\/\/visarqeng.com\/en\/","title":{"rendered":"Home"},"content":{"rendered":"\t\t<div data-elementor-type=\"wp-page\" data-elementor-id=\"4489\" class=\"elementor elementor-4489 elementor-2\">\n\t\t\t\t\t\t<div class=\"elementor-inner\">\n\t\t\t\t<div class=\"elementor-section-wrap\">\n\t\t\t\t\t\t\t\t\t<section class=\"elementor-section elementor-top-section elementor-element elementor-element-ecfd1c1 elementor-section-full_width elementor-section-height-default elementor-section-height-default\" data-id=\"ecfd1c1\" data-element_type=\"section\">\n\t\t\t\t\t\t<div class=\"elementor-container elementor-column-gap-no\">\n\t\t\t\t\t\t\t<div class=\"elementor-row\">\n\t\t\t\t\t<div class=\"elementor-column elementor-col-100 elementor-top-column elementor-element elementor-element-3b2a378\" data-id=\"3b2a378\" data-element_type=\"column\">\n\t\t\t<div class=\"elementor-column-wrap elementor-element-populated\">\n\t\t\t\t\t\t\t<div class=\"elementor-widget-wrap\">\n\t\t\t\t\t\t<div class=\"elementor-element elementor-element-4d6bfb8 elementor--h-position-left elementor--v-position-middle elementor-pagination-position-inside elementor-widget elementor-widget-slides\" data-id=\"4d6bfb8\" data-element_type=\"widget\" data-settings=\"{&quot;navigation&quot;:&quot;dots&quot;,&quot;transition&quot;:&quot;fade&quot;,&quot;autoplay&quot;:&quot;yes&quot;,&quot;pause_on_interaction&quot;:&quot;yes&quot;,&quot;autoplay_speed&quot;:5000,&quot;infinite&quot;:&quot;yes&quot;,&quot;transition_speed&quot;:500}\" data-widget_type=\"slides.default\">\n\t\t\t\t<div class=\"elementor-widget-container\">\n\t\t\t\t\t<div class=\"elementor-swiper\">\n\t\t\t<div class=\"elementor-slides-wrapper elementor-main-swiper swiper-container\" dir=\"ltr\" data-animation=\"fadeInUp\">\n\t\t\t\t<div class=\"swiper-wrapper elementor-slides\">\n\t\t\t\t\t\t\t\t\t\t<div class=\"elementor-repeater-item-2c1ed41 swiper-slide\"><div class=\"swiper-slide-bg elementor-ken-burns elementor-ken-burns--in\"><\/div><div class=\"elementor-background-overlay\"><\/div><a class=\"swiper-slide-inner\" href=\"\/cister\"><div class=\"swiper-slide-contents\"><div class=\"elementor-slide-heading\">Alcoba\u00e7a<\/div><div class=\"elementor-slide-description\"><p>Cist\u00e9r <br \/> Raimundo &amp; Maia<\/p>\n<\/div><div  class=\"elementor-button elementor-slide-button elementor-size-xs\">View Project<\/div><\/div><\/a><\/div><div class=\"elementor-repeater-item-8372a32 swiper-slide\"><div class=\"swiper-slide-bg elementor-ken-burns elementor-ken-burns--in\"><\/div><div class=\"elementor-background-overlay\"><\/div><a class=\"swiper-slide-inner\" href=\"\/hiperdolci\"><div class=\"swiper-slide-contents\"><div class=\"elementor-slide-heading\">Leiria<\/div><div class=\"elementor-slide-description\"><p>Hiperdolci<\/p>\n<\/div><div  class=\"elementor-button elementor-slide-button elementor-size-xs\">View Project<\/div><\/div><\/a><\/div><div class=\"elementor-repeater-item-fcf3f58 swiper-slide\"><div class=\"swiper-slide-bg elementor-ken-burns elementor-ken-burns--in\"><\/div><div class=\"elementor-background-overlay\"><\/div><a class=\"swiper-slide-inner\" href=\"\/centre-comercial-creteil\"><div class=\"swiper-slide-contents\"><div class=\"elementor-slide-heading\">Fran\u00e7a<\/div><div class=\"elementor-slide-description\"><p>Centre <br \/> Comercial Cr\u00e9teil<\/p>\n<\/div><div  class=\"elementor-button elementor-slide-button elementor-size-xs\">View Project<\/div><\/div><\/a><\/div>\t\t\t\t<\/div>\n\t\t\t\t\t\t\t\t\t\t\t\t\t\t\t<div class=\"swiper-pagination\"><\/div>\n\t\t\t\t\t\t\t\t\t\t\t\t\t\t\t\t\t<\/div>\n\t\t<\/div>\n\t\t\t\t<\/div>\n\t\t\t\t<\/div>\n\t\t\t\t\t\t<\/div>\n\t\t\t\t\t<\/div>\n\t\t<\/div>\n\t\t\t\t\t\t\t\t<\/div>\n\t\t\t\t\t<\/div>\n\t\t<\/section>\n\t\t\t\t\t\t\t\t\t<\/div>\n\t\t\t<\/div>\n\t\t\t\t\t<\/div>\n\t\t","protected":false},"excerpt":{"rendered":"<p>Alcoba\u00e7a Cist\u00e9r Raimundo &amp; Maia View ProjectLeiria Hiperdolci View ProjectFran\u00e7a Centre Comercial Cr\u00e9teil View Project<\/p>\n","protected":false},"author":1,"featured_media":0,"parent":0,"menu_order":0,"comment_status":"closed","ping_status":"closed","template":"","meta":[],"acf":[],"yoast_head":"<!-- This site is optimized with the Yoast SEO plugin v19.6.1 - https:\/\/yoast.com\/wordpress\/plugins\/seo\/ -->\n<title>VisArqEng - Arquitectura e Engenharia<\/title>\n<meta name=\"description\" content=\"We focus our activity in a capacity of execution the engineering and architecture projects, we provide consulting services and technical support.\" \/>\n<meta name=\"robots\" content=\"index, follow, max-snippet:-1, max-image-preview:large, max-video-preview:-1\" \/>\n<link rel=\"canonical\" href=\"https:\/\/visarqeng.com\/en\/\" \/>\n<meta property=\"og:locale\" content=\"en_US\" \/>\n<meta property=\"og:type\" content=\"article\" \/>\n<meta property=\"og:title\" content=\"VisArqEng - Arquitectura e Engenharia\" \/>\n<meta property=\"og:description\" content=\"We focus our activity in a capacity of execution the engineering and architecture projects, we provide consulting services and technical support.\" \/>\n<meta property=\"og:url\" content=\"https:\/\/visarqeng.com\/en\/\" \/>\n<meta property=\"og:site_name\" content=\"VisArqEng\" \/>\n<meta property=\"article:modified_time\" content=\"2022-09-06T13:08:07+00:00\" \/>\n<meta name=\"twitter:card\" content=\"summary_large_image\" \/>\n<script type=\"application\/ld+json\" class=\"yoast-schema-graph\">{\"@context\":\"https:\/\/schema.org\",\"@graph\":[{\"@type\":\"WebPage\",\"@id\":\"https:\/\/visarqeng.com\/en\/\",\"url\":\"https:\/\/visarqeng.com\/en\/\",\"name\":\"VisArqEng - Arquitectura e Engenharia\",\"isPartOf\":{\"@id\":\"https:\/\/visarqeng.com\/#website\"},\"datePublished\":\"2021-06-25T09:39:08+00:00\",\"dateModified\":\"2022-09-06T13:08:07+00:00\",\"description\":\"We focus our activity in a capacity of execution the engineering and architecture projects, we provide consulting services and technical support.\",\"breadcrumb\":{\"@id\":\"https:\/\/visarqeng.com\/en\/#breadcrumb\"},\"inLanguage\":\"en-US\",\"potentialAction\":[{\"@type\":\"ReadAction\",\"target\":[\"https:\/\/visarqeng.com\/en\/\"]}]},{\"@type\":\"BreadcrumbList\",\"@id\":\"https:\/\/visarqeng.com\/en\/#breadcrumb\",\"itemListElement\":[{\"@type\":\"ListItem\",\"position\":1,\"name\":\"In\u00edcio\",\"item\":\"https:\/\/visarqeng.com\/en\/\"},{\"@type\":\"ListItem\",\"position\":2,\"name\":\"Home\"}]},{\"@type\":\"WebSite\",\"@id\":\"https:\/\/visarqeng.com\/#website\",\"url\":\"https:\/\/visarqeng.com\/\",\"name\":\"VisArqEng\",\"description\":\"Arquitectura e Engenharia\",\"publisher\":{\"@id\":\"https:\/\/visarqeng.com\/#organization\"},\"potentialAction\":[{\"@type\":\"SearchAction\",\"target\":{\"@type\":\"EntryPoint\",\"urlTemplate\":\"https:\/\/visarqeng.com\/?s={search_term_string}\"},\"query-input\":\"required name=search_term_string\"}],\"inLanguage\":\"en-US\"},{\"@type\":\"Organization\",\"@id\":\"https:\/\/visarqeng.com\/#organization\",\"name\":\"VisArqEng\",\"url\":\"https:\/\/visarqeng.com\/\",\"sameAs\":[],\"logo\":{\"@type\":\"ImageObject\",\"inLanguage\":\"en-US\",\"@id\":\"https:\/\/visarqeng.com\/#\/schema\/logo\/image\/\",\"url\":\"http:\/\/visarqeng.com\/wp-content\/uploads\/2021\/11\/parceiros1.png\",\"contentUrl\":\"http:\/\/visarqeng.com\/wp-content\/uploads\/2021\/11\/parceiros1.png\",\"width\":250,\"height\":68,\"caption\":\"VisArqEng\"},\"image\":{\"@id\":\"https:\/\/visarqeng.com\/#\/schema\/logo\/image\/\"}}]}<\/script>\n<!-- \/ Yoast SEO plugin. -->","yoast_head_json":{"title":"VisArqEng - Arquitectura e Engenharia","description":"We focus our activity in a capacity of execution the engineering and architecture projects, we provide consulting services and technical support.","robots":{"index":"index","follow":"follow","max-snippet":"max-snippet:-1","max-image-preview":"max-image-preview:large","max-video-preview":"max-video-preview:-1"},"canonical":"https:\/\/visarqeng.com\/en\/","og_locale":"en_US","og_type":"article","og_title":"VisArqEng - Arquitectura e Engenharia","og_description":"We focus our activity in a capacity of execution the engineering and architecture projects, we provide consulting services and technical support.","og_url":"https:\/\/visarqeng.com\/en\/","og_site_name":"VisArqEng","article_modified_time":"2022-09-06T13:08:07+00:00","twitter_card":"summary_large_image","schema":{"@context":"https:\/\/schema.org","@graph":[{"@type":"WebPage","@id":"https:\/\/visarqeng.com\/en\/","url":"https:\/\/visarqeng.com\/en\/","name":"VisArqEng - Arquitectura e Engenharia","isPartOf":{"@id":"https:\/\/visarqeng.com\/#website"},"datePublished":"2021-06-25T09:39:08+00:00","dateModified":"2022-09-06T13:08:07+00:00","description":"We focus our activity in a capacity of execution the engineering and architecture projects, we provide consulting services and technical support.","breadcrumb":{"@id":"https:\/\/visarqeng.com\/en\/#breadcrumb"},"inLanguage":"en-US","potentialAction":[{"@type":"ReadAction","target":["https:\/\/visarqeng.com\/en\/"]}]},{"@type":"BreadcrumbList","@id":"https:\/\/visarqeng.com\/en\/#breadcrumb","itemListElement":[{"@type":"ListItem","position":1,"name":"In\u00edcio","item":"https:\/\/visarqeng.com\/en\/"},{"@type":"ListItem","position":2,"name":"Home"}]},{"@type":"WebSite","@id":"https:\/\/visarqeng.com\/#website","url":"https:\/\/visarqeng.com\/","name":"VisArqEng","description":"Arquitectura e Engenharia","publisher":{"@id":"https:\/\/visarqeng.com\/#organization"},"potentialAction":[{"@type":"SearchAction","target":{"@type":"EntryPoint","urlTemplate":"https:\/\/visarqeng.com\/?s={search_term_string}"},"query-input":"required name=search_term_string"}],"inLanguage":"en-US"},{"@type":"Organization","@id":"https:\/\/visarqeng.com\/#organization","name":"VisArqEng","url":"https:\/\/visarqeng.com\/","sameAs":[],"logo":{"@type":"ImageObject","inLanguage":"en-US","@id":"https:\/\/visarqeng.com\/#\/schema\/logo\/image\/","url":"http:\/\/visarqeng.com\/wp-content\/uploads\/2021\/11\/parceiros1.png","contentUrl":"http:\/\/visarqeng.com\/wp-content\/uploads\/2021\/11\/parceiros1.png","width":250,"height":68,"caption":"VisArqEng"},"image":{"@id":"https:\/\/visarqeng.com\/#\/schema\/logo\/image\/"}}]}},"_links":{"self":[{"href":"https:\/\/visarqeng.com\/en\/wp-json\/wp\/v2\/pages\/4489"}],"collection":[{"href":"https:\/\/visarqeng.com\/en\/wp-json\/wp\/v2\/pages"}],"about":[{"href":"https:\/\/visarqeng.com\/en\/wp-json\/wp\/v2\/types\/page"}],"author":[{"embeddable":true,"href":"https:\/\/visarqeng.com\/en\/wp-json\/wp\/v2\/users\/1"}],"replies":[{"embeddable":true,"href":"https:\/\/visarqeng.com\/en\/wp-json\/wp\/v2\/comments?post=4489"}],"version-history":[{"count":1,"href":"https:\/\/visarqeng.com\/en\/wp-json\/wp\/v2\/pages\/4489\/revisions"}],"predecessor-version":[{"id":4490,"href":"https:\/\/visarqeng.com\/en\/wp-json\/wp\/v2\/pages\/4489\/revisions\/4490"}],"wp:attachment":[{"href":"https:\/\/visarqeng.com\/en\/wp-json\/wp\/v2\/media?parent=4489"}],"curies":[{"name":"wp","href":"https:\/\/api.w.org\/{rel}","templated":true}]}}